{"id":206,"date":"2020-05-18T11:50:00","date_gmt":"2020-05-18T11:50:00","guid":{"rendered":"http:\/\/test.kriesi.at\/minimal-portfolio\/?page_id=9"},"modified":"2020-12-16T17:02:42","modified_gmt":"2020-12-16T17:02:42","slug":"home","status":"publish","type":"page","link":"https:\/\/fleshertonartgallery.mydev.ca\/","title":{"rendered":"Flesherton Art Gallery"},"content":{"rendered":"<div  style='height:1px; margin-top:-100px'  class='hr hr-invisible   avia-builder-el-0  el_before_av_layerslider  avia-builder-el-no-sibling '><span class='hr-inner ' ><span class='hr-inner-style'><\/span><\/span><\/div>\n<\/div><\/div><\/div><!-- close content main div --><\/div><\/div><div id='layer_slider_1'  class='avia-layerslider main_color avia-shadow  avia-builder-el-1  el_after_av_hr  el_before_av_blog  slider-not-first container_wrap sidebar_right' style='  height: 601px;' ><\/div><div id='after_layer_slider_1'  class='main_color av_default_container_wrap container_wrap sidebar_right' style=' '  ><div class='container' ><div class='template-page content  av-content-small alpha units'><div class='post-entry post-entry-type-page post-entry-206'><div class='entry-content-wrapper clearfix'>\n<div  class='av-alb-blogposts template-blog  av-blog-meta-html-info-disabled '  itemscope=\"itemscope\" itemtype=\"https:\/\/schema.org\/Blog\" ><article class='post-entry post-entry-type-standard post-entry-3578 post-loop-1 post-parity-odd post-entry-last single-big with-slider post-3578 post type-post status-publish format-standard has-post-thumbnail hentry category-exhibitions tag-abstract tag-art tag-carol-binns-wood tag-collecting-art tag-drawing tag-exhibitions tag-fine-art tag-gallery tag-ila-kellermann tag-mixed-media tag-painting tag-show'  itemscope=\"itemscope\" itemtype=\"https:\/\/schema.org\/BlogPosting\" ><div class='blog-meta'><\/div><div class='entry-content-wrapper clearfix standard-content'><header class=\"entry-content-header\"><div class=\"av-heading-wrapper\"><h2 class='post-title entry-title '  itemprop=\"headline\" >\t<a href='https:\/\/fleshertonartgallery.mydev.ca\/index.php\/2020\/12\/10\/winter-2020\/' rel='bookmark' title='Permanent Link: On Now: Carol Binns-Wood and Ila Kellermann'>On Now: Carol Binns-Wood and Ila Kellermann\t\t\t<span class='post-format-icon minor-meta'><\/span>\t<\/a><\/h2><span class=\"blog-categories minor-meta\"><a href=\"https:\/\/fleshertonartgallery.mydev.ca\/index.php\/category\/exhibitions\/\" rel=\"tag\">Exhibitions<\/a> <\/span><\/div><\/header><span class=\"av-vertical-delimiter\"><\/span><div class=\"big-preview single-big\"  itemprop=\"image\" itemscope=\"itemscope\" itemtype=\"https:\/\/schema.org\/ImageObject\" ><a href=\"https:\/\/fleshertonartgallery.mydev.ca\/index.php\/2020\/12\/10\/winter-2020\/\"  title=\"Carol Binns-Wood: Tomatillos from Our Garden\" ><img width=\"845\" height=\"321\" src=\"https:\/\/fleshertonartgallery.mydev.ca\/wp-content\/uploads\/2020\/12\/Tomatillos-845x321.jpg\" class=\"wp-image-3595 avia-img-lazy-loading-not-3595 attachment-entry_with_sidebar size-entry_with_sidebar wp-post-image\" alt=\"Carol Binns-Wood: Tomatillos from Our Garden\" \/><small class='avia-copyright'>Carol Binns-Wood<\/small><\/a><\/div><div class=\"entry-content\"  itemprop=\"text\" ><p>Winter 2020: Carol Binns-Wood and Ila Kellermann, December 5, 2020 on<\/p>\n<div class=\"read-more-link\"><a href=\"https:\/\/fleshertonartgallery.mydev.ca\/index.php\/2020\/12\/10\/winter-2020\/\" class=\"more-link\">Read more<span class=\"more-link-arrow\"><\/span><\/a><\/div>\n<\/div><span class='post-meta-infos'><time class='date-container minor-meta updated' >December 10, 2020<\/time><span class='text-sep text-sep-date'>\/<\/span><span class=\"blog-author minor-meta\">by <span class=\"entry-author-link\"  itemprop=\"author\" ><span class=\"author\"><span class=\"fn\"><a href=\"https:\/\/fleshertonartgallery.mydev.ca\/index.php\/author\/admin\/\" title=\"Posts by admin\" rel=\"author\">admin<\/a><\/span><\/span><\/span><\/span><\/span><footer class=\"entry-footer\"><\/footer><div class='post_delimiter'><\/div><\/div><div class='post_author_timeline'><\/div><span class='hidden'>\n\t\t\t\t<span class='av-structured-data'  itemprop=\"image\" itemscope=\"itemscope\" itemtype=\"https:\/\/schema.org\/ImageObject\" >\n\t\t\t\t\t\t<span itemprop='url'>https:\/\/fleshertonartgallery.mydev.ca\/wp-content\/uploads\/2020\/12\/Tomatillos.jpg<\/span>\n\t\t\t\t\t\t<span itemprop='height'>541<\/span>\n\t\t\t\t\t\t<span itemprop='width'>1280<\/span>\n\t\t\t\t<\/span>\n\t\t\t\t<span class='av-structured-data'  itemprop=\"publisher\" itemtype=\"https:\/\/schema.org\/Organization\" itemscope=\"itemscope\" >\n\t\t\t\t\t\t<span itemprop='name'>admin<\/span>\n\t\t\t\t\t\t<span itemprop='logo' itemscope itemtype='https:\/\/schema.org\/ImageObject'>\n\t\t\t\t\t\t\t<span itemprop='url'>https:\/\/fleshertonartgallery.mydev.ca\/wp-content\/uploads\/2020\/05\/Asset-42.png<\/span>\n\t\t\t\t\t\t <\/span>\n\t\t\t\t<\/span><span class='av-structured-data'  itemprop=\"author\" itemscope=\"itemscope\" itemtype=\"https:\/\/schema.org\/Person\" ><span itemprop='name'>admin<\/span><\/span><span class='av-structured-data'  itemprop=\"datePublished\" datetime=\"2020-12-10T14:17:56+00:00\" >2020-12-10 14:17:56<\/span><span class='av-structured-data'  itemprop=\"dateModified\" itemtype=\"https:\/\/schema.org\/dateModified\" >2020-12-16 16:58:18<\/span><span class='av-structured-data'  itemprop=\"mainEntityOfPage\" itemtype=\"https:\/\/schema.org\/mainEntityOfPage\" ><span itemprop='name'>On Now: Carol Binns-Wood and Ila Kellermann<\/span><\/span><\/span><\/article><div class='single-big'><\/div><\/div>\n<div  style='padding-bottom:20px; font-size:40px;' class='av-special-heading av-special-heading-h1  blockquote modern-quote modern-centered  av-inherit-size '><h1 class='av-special-heading-tag '  itemprop=\"headline\"  >Artists we represent<\/h1><div class='special-heading-border'><div class='special-heading-inner-border' ><\/div><\/div><\/div>\n<div  id=\"av-sc-portfolio-1\"  class=' grid-sort-container isotope   no_margin-container with-title-container grid-total-odd grid-col-4 grid-links-' data-portfolio-id='1'><div data-ajax-id='3654' class=' grid-entry flex_column isotope-item all_sort no_margin post-entry post-entry-3654 grid-entry-overview grid-loop-1 grid-parity-odd  artist_sort winter-2020_sort  av_one_fourth first default_av_fullwidth '><article class='main_color inner-entry'  itemscope=\"itemscope\" itemtype=\"https:\/\/schema.org\/BlogPosting\" itemprop=\"blogPost\" ><a href='https:\/\/fleshertonartgallery.mydev.ca\/index.php\/portfolio-item\/ila-kellermann\/' title='Ila Kellermann'  data-rel='grid-1' class='grid-image avia-hover-fx'> <img width=\"260\" height=\"185\" src=\"https:\/\/fleshertonartgallery.mydev.ca\/wp-content\/uploads\/2020\/12\/ACanoeBlessing-260x185.jpg\" class=\"wp-image-3596 avia-img-lazy-loading-not-3596 attachment-portfolio_small size-portfolio_small wp-post-image\" alt=\"Ila Kellermann: A Canoe Blessing\" \/><small class='avia-copyright'>Ila Kellermann<\/small><\/a><div class='grid-content'><div class='avia-arrow'><\/div><header class=\"entry-content-header\"><h3 class='grid-entry-title entry-title '  itemprop=\"headline\" ><a href='https:\/\/fleshertonartgallery.mydev.ca\/index.php\/portfolio-item\/ila-kellermann\/' title='Ila Kellermann'>Ila Kellermann<\/a><\/h3><\/header><\/div><footer class=\"entry-footer\"><\/footer><\/article><\/div><div data-ajax-id='3649' class=' grid-entry flex_column isotope-item all_sort no_margin post-entry post-entry-3649 grid-entry-overview grid-loop-2 grid-parity-even  artist_sort  av_one_fourth  default_av_fullwidth '><article class='main_color inner-entry'  itemscope=\"itemscope\" itemtype=\"https:\/\/schema.org\/BlogPosting\" itemprop=\"blogPost\" ><a href='https:\/\/fleshertonartgallery.mydev.ca\/index.php\/portfolio-item\/carol-binns-wood\/' title='Carol Binns-Wood'  data-rel='grid-1' class='grid-image avia-hover-fx'> <img width=\"260\" height=\"185\" src=\"https:\/\/fleshertonartgallery.mydev.ca\/wp-content\/uploads\/2020\/12\/Tomatillos-260x185.jpg\" class=\"wp-image-3595 avia-img-lazy-loading-not-3595 attachment-portfolio_small size-portfolio_small wp-post-image\" alt=\"Carol Binns-Wood: Tomatillos from Our Garden\" \/><small class='avia-copyright'>Carol Binns-Wood<\/small><\/a><div class='grid-content'><div class='avia-arrow'><\/div><header class=\"entry-content-header\"><h3 class='grid-entry-title entry-title '  itemprop=\"headline\" ><a href='https:\/\/fleshertonartgallery.mydev.ca\/index.php\/portfolio-item\/carol-binns-wood\/' title='Carol Binns-Wood'>Carol Binns-Wood<\/a><\/h3><\/header><\/div><footer class=\"entry-footer\"><\/footer><\/article><\/div><div data-ajax-id='3560' class=' grid-entry flex_column isotope-item all_sort no_margin post-entry post-entry-3560 grid-entry-overview grid-loop-3 grid-parity-odd  artist_sort  av_one_fourth  default_av_fullwidth '><article class='main_color inner-entry'  itemscope=\"itemscope\" itemtype=\"https:\/\/schema.org\/BlogPosting\" itemprop=\"blogPost\" ><a href='https:\/\/fleshertonartgallery.mydev.ca\/index.php\/portfolio-item\/jennifer-clark\/' title='Jennifer Clark'  data-rel='grid-1' class='grid-image avia-hover-fx'> <img width=\"260\" height=\"185\" src=\"https:\/\/fleshertonartgallery.mydev.ca\/wp-content\/uploads\/2015\/01\/FirstLight-260x185.jpg\" class=\"wp-image-3515 avia-img-lazy-loading-not-3515 attachment-portfolio_small size-portfolio_small wp-post-image\" alt=\"\" \/><\/a><div class='grid-content'><div class='avia-arrow'><\/div><header class=\"entry-content-header\"><h3 class='grid-entry-title entry-title '  itemprop=\"headline\" ><a href='https:\/\/fleshertonartgallery.mydev.ca\/index.php\/portfolio-item\/jennifer-clark\/' title='Jennifer Clark'>Jennifer Clark<\/a><\/h3><\/header><\/div><footer class=\"entry-footer\"><\/footer><\/article><\/div><div data-ajax-id='3555' class=' grid-entry flex_column isotope-item all_sort no_margin post-entry post-entry-3555 grid-entry-overview grid-loop-4 grid-parity-even  artist_sort  av_one_fourth  default_av_fullwidth '><article class='main_color inner-entry'  itemscope=\"itemscope\" itemtype=\"https:\/\/schema.org\/BlogPosting\" itemprop=\"blogPost\" ><a href='https:\/\/fleshertonartgallery.mydev.ca\/index.php\/portfolio-item\/joan-hawsbridge\/' title='Joan Hawsbridge'  data-rel='grid-1' class='grid-image avia-hover-fx'> <img width=\"260\" height=\"185\" src=\"https:\/\/fleshertonartgallery.mydev.ca\/wp-content\/uploads\/2015\/01\/IMG_0605-260x185.jpg\" class=\"wp-image-3510 avia-img-lazy-loading-not-3510 attachment-portfolio_small size-portfolio_small wp-post-image\" alt=\"Joan Hawksbridge\" \/><small class='avia-copyright'>Joan Hawksbridge<\/small><\/a><div class='grid-content'><div class='avia-arrow'><\/div><header class=\"entry-content-header\"><h3 class='grid-entry-title entry-title '  itemprop=\"headline\" ><a href='https:\/\/fleshertonartgallery.mydev.ca\/index.php\/portfolio-item\/joan-hawsbridge\/' title='Joan Hawsbridge'>Joan Hawsbridge<\/a><\/h3><\/header><\/div><footer class=\"entry-footer\"><\/footer><\/article><\/div><div data-ajax-id='3385' class=' grid-entry flex_column isotope-item all_sort no_margin post-entry post-entry-3385 grid-entry-overview grid-loop-5 grid-parity-odd  artist_sort  av_one_fourth first default_av_fullwidth '><article class='main_color inner-entry'  itemscope=\"itemscope\" itemtype=\"https:\/\/schema.org\/BlogPosting\" itemprop=\"blogPost\" ><a href='https:\/\/fleshertonartgallery.mydev.ca\/index.php\/portfolio-item\/iriz-paabo-2\/' title='Iriz P\u00e4\u00e4bo'  data-rel='grid-1' class='grid-image avia-hover-fx'> <img width=\"260\" height=\"185\" src=\"https:\/\/fleshertonartgallery.mydev.ca\/wp-content\/uploads\/2020\/05\/Iriz_Pa\u0308a\u0308bo_Exudiae_07-260x185.jpg\" class=\"wp-image-3159 avia-img-lazy-loading-not-3159 attachment-portfolio_small size-portfolio_small wp-post-image\" alt=\"Iriz P\u00e4\u00e4bo\" \/><\/a><div class='grid-content'><div class='avia-arrow'><\/div><header class=\"entry-content-header\"><h3 class='grid-entry-title entry-title '  itemprop=\"headline\" ><a href='https:\/\/fleshertonartgallery.mydev.ca\/index.php\/portfolio-item\/iriz-paabo-2\/' title='Iriz P\u00e4\u00e4bo'>Iriz P\u00e4\u00e4bo<\/a><\/h3><\/header><\/div><footer class=\"entry-footer\"><\/footer><\/article><\/div><div data-ajax-id='3384' class=' grid-entry flex_column isotope-item all_sort no_margin post-entry post-entry-3384 grid-entry-overview grid-loop-6 grid-parity-even  artist_sort  av_one_fourth  default_av_fullwidth '><article class='main_color inner-entry'  itemscope=\"itemscope\" itemtype=\"https:\/\/schema.org\/BlogPosting\" itemprop=\"blogPost\" ><a href='https:\/\/fleshertonartgallery.mydev.ca\/index.php\/portfolio-item\/shane-west-2\/' title='Shane West'  data-rel='grid-1' class='grid-image avia-hover-fx'> <img width=\"260\" height=\"185\" src=\"https:\/\/fleshertonartgallery.mydev.ca\/wp-content\/uploads\/2020\/05\/Shane_West_3-260x185.jpg\" class=\"wp-image-3166 avia-img-lazy-loading-not-3166 attachment-portfolio_small size-portfolio_small wp-post-image\" alt=\"\" \/><\/a><div class='grid-content'><div class='avia-arrow'><\/div><header class=\"entry-content-header\"><h3 class='grid-entry-title entry-title '  itemprop=\"headline\" ><a href='https:\/\/fleshertonartgallery.mydev.ca\/index.php\/portfolio-item\/shane-west-2\/' title='Shane West'>Shane West<\/a><\/h3><\/header><\/div><footer class=\"entry-footer\"><\/footer><\/article><\/div><div data-ajax-id='146' class=' grid-entry flex_column isotope-item all_sort no_margin post-entry post-entry-146 grid-entry-overview grid-loop-7 grid-parity-odd  post-entry-last  artist_sort  av_one_fourth  default_av_fullwidth '><article class='main_color inner-entry'  itemscope=\"itemscope\" itemtype=\"https:\/\/schema.org\/BlogPosting\" itemprop=\"blogPost\" ><a href='https:\/\/fleshertonartgallery.mydev.ca\/index.php\/portfolio-item\/gordon-rayner-2\/' title='Gordon Rayner'  data-rel='grid-1' class='grid-image avia-hover-fx'> <img width=\"260\" height=\"185\" src=\"https:\/\/fleshertonartgallery.mydev.ca\/wp-content\/uploads\/2020\/05\/83759879_2916971958364869_4271366193010442240_n-260x185.jpg\" class=\"wp-image-3150 avia-img-lazy-loading-not-3150 attachment-portfolio_small size-portfolio_small wp-post-image\" alt=\"Gordon Rayner\" srcset=\"https:\/\/fleshertonartgallery.mydev.ca\/wp-content\/uploads\/2020\/05\/83759879_2916971958364869_4271366193010442240_n-260x185.jpg 260w, https:\/\/fleshertonartgallery.mydev.ca\/wp-content\/uploads\/2020\/05\/83759879_2916971958364869_4271366193010442240_n-450x321.jpg 450w\" sizes=\"(max-width: 260px) 100vw, 260px\" \/><\/a><div class='grid-content'><div class='avia-arrow'><\/div><header class=\"entry-content-header\"><h3 class='grid-entry-title entry-title '  itemprop=\"headline\" ><a href='https:\/\/fleshertonartgallery.mydev.ca\/index.php\/portfolio-item\/gordon-rayner-2\/' title='Gordon Rayner'>Gordon Rayner<\/a><\/h3><\/header><\/div><footer class=\"entry-footer\"><\/footer><\/article><\/div><\/div>\n<\/div><\/div><\/div><!-- close content main div --><\/div><\/div><div id='newsletter'  class='avia-section main_color avia-section-huge avia-no-border-styling  av-section-color-overlay-active avia-bg-style-scroll   container_wrap sidebar_right' style='background-color: #3b00dd;background-image: linear-gradient(#3b00dd,#3c3787); '  ><div class='av-section-color-overlay-wrap'><div class='av-section-color-overlay' style='opacity: 0.9; background-color: #35383c; '><\/div><div class='container' ><div class='template-page content  av-content-small alpha units'><div class='post-entry post-entry-type-page post-entry-206'><div class='entry-content-wrapper clearfix'>\n<div  style='padding-bottom:20px; color:#ffffff;font-size:40px;' class='av-special-heading av-special-heading-h1 custom-color-heading blockquote modern-quote modern-centered  av-inherit-size '><h1 class='av-special-heading-tag '  itemprop=\"headline\"  >Join our mailing list for news of upcoming shows<\/h1><div class='special-heading-border'><div class='special-heading-inner-border' style='border-color:#ffffff'><\/div><\/div><\/div>\n<div class=\"flex_column av_one_fifth  av-animated-generic fade-in  flex_column_div av-zero-column-padding first  \" style='border-radius:0px; '><\/div><div class=\"flex_column av_three_fifth  av-animated-generic fade-in  flex_column_div av-zero-column-padding   \" style='border-radius:0px; '><\/div><div class=\"flex_column av_one_fifth  av-animated-generic fade-in  flex_column_div av-zero-column-padding   \" style='border-radius:0px; '><\/div>\n<\/div><\/div><\/div><!-- close content main div --><\/div><\/div><\/div><div id='after_section_1'  class='main_color av_default_container_wrap container_wrap sidebar_right' style=' '  ><div class='container' ><div class='template-page content  av-content-small alpha units'><div class='post-entry post-entry-type-page post-entry-206'><div class='entry-content-wrapper clearfix'>\n<\/div><\/div><\/div><!-- close content main div --><\/div><\/div><div id='testimonials'  class='avia-section main_color avia-section-huge avia-no-border-styling  avia-full-stretch av-section-color-overlay-active avia-bg-style-fixed   container_wrap sidebar_right' style='background-repeat: no-repeat; background-image: url(https:\/\/fleshertonartgallery.mydev.ca\/wp-content\/uploads\/2020\/05\/84013829_2916971745031557_7436201372933947392_n-300x166.jpg);background-attachment: fixed; background-position: center center;  '  data-section-bg-repeat='stretch'><div class='av-section-color-overlay-wrap'><div class='av-section-color-overlay' style='opacity: 0.9; background-color: #35383c; '><\/div><div class='container' ><div class='template-page content  av-content-small alpha units'><div class='post-entry post-entry-type-page post-entry-206'><div class='entry-content-wrapper clearfix'>\n\n<\/div><\/div><\/div><!-- close content main div --><\/div><\/div><\/div><div id='after_section_2'  class='main_color av_default_container_wrap container_wrap sidebar_right' style=' '  ><div class='container' ><div class='template-page content  av-content-small alpha units'><div class='post-entry post-entry-type-page post-entry-206'><div class='entry-content-wrapper clearfix'>\n","protected":false},"excerpt":{"rendered":"","protected":false},"author":2,"featured_media":0,"parent":0,"menu_order":0,"comment_status":"open","ping_status":"closed","template":"","meta":{"_bbp_topic_count":0,"_bbp_reply_count":0,"_bbp_total_topic_count":0,"_bbp_total_reply_count":0,"_bbp_voice_count":0,"_bbp_anonymous_reply_count":0,"_bbp_topic_count_hidden":0,"_bbp_reply_count_hidden":0,"_bbp_forum_subforum_count":0},"yoast_head":"<!-- This site is optimized with the Yoast SEO plugin v15.5 - https:\/\/yoast.com\/wordpress\/plugins\/seo\/ -->\n<title>Flesherton Art Gallery - Flesherton Art Gallery<\/title>\n<meta name=\"robots\" content=\"noindex, follow, max-snippet:-1, max-image-preview:large, max-video-preview:-1\" \/>\n<meta property=\"og:locale\" content=\"en_US\" \/>\n<meta property=\"og:type\" content=\"article\" \/>\n<meta property=\"og:title\" content=\"Flesherton Art Gallery - Flesherton Art Gallery\" \/>\n<meta property=\"og:url\" content=\"https:\/\/fleshertonartgallery.mydev.ca\/index.php\/home\/\" \/>\n<meta property=\"og:site_name\" content=\"Flesherton Art Gallery\" \/>\n<meta property=\"article:modified_time\" content=\"2020-12-16T17:02:42+00:00\" \/>\n<meta name=\"twitter:card\" content=\"summary_large_image\" \/>\n<meta name=\"twitter:label1\" content=\"Est. reading time\">\n\t<meta name=\"twitter:data1\" content=\"4 minutes\">\n<script type=\"application\/ld+json\" class=\"yoast-schema-graph\">{\"@context\":\"https:\/\/schema.org\",\"@graph\":[{\"@type\":\"WebSite\",\"@id\":\"https:\/\/fleshertonartgallery.mydev.ca\/#website\",\"url\":\"https:\/\/fleshertonartgallery.mydev.ca\/\",\"name\":\"Flesherton Art Gallery\",\"description\":\"Contemporary Canadian Art\",\"potentialAction\":[{\"@type\":\"SearchAction\",\"target\":\"https:\/\/fleshertonartgallery.mydev.ca\/?s={search_term_string}\",\"query-input\":\"required name=search_term_string\"}],\"inLanguage\":\"en-US\"},{\"@type\":\"WebPage\",\"@id\":\"https:\/\/fleshertonartgallery.mydev.ca\/index.php\/home\/#webpage\",\"url\":\"https:\/\/fleshertonartgallery.mydev.ca\/index.php\/home\/\",\"name\":\"Flesherton Art Gallery - Flesherton Art Gallery\",\"isPartOf\":{\"@id\":\"https:\/\/fleshertonartgallery.mydev.ca\/#website\"},\"datePublished\":\"2020-05-18T11:50:00+00:00\",\"dateModified\":\"2020-12-16T17:02:42+00:00\",\"inLanguage\":\"en-US\",\"potentialAction\":[{\"@type\":\"ReadAction\",\"target\":[\"https:\/\/fleshertonartgallery.mydev.ca\/index.php\/home\/\"]}]}]}<\/script>\n<!-- \/ Yoast SEO plugin. -->","_links":{"self":[{"href":"https:\/\/fleshertonartgallery.mydev.ca\/index.php\/wp-json\/wp\/v2\/pages\/206"}],"collection":[{"href":"https:\/\/fleshertonartgallery.mydev.ca\/index.php\/wp-json\/wp\/v2\/pages"}],"about":[{"href":"https:\/\/fleshertonartgallery.mydev.ca\/index.php\/wp-json\/wp\/v2\/types\/page"}],"author":[{"embeddable":true,"href":"https:\/\/fleshertonartgallery.mydev.ca\/index.php\/wp-json\/wp\/v2\/users\/2"}],"replies":[{"embeddable":true,"href":"https:\/\/fleshertonartgallery.mydev.ca\/index.php\/wp-json\/wp\/v2\/comments?post=206"}],"version-history":[{"count":49,"href":"https:\/\/fleshertonartgallery.mydev.ca\/index.php\/wp-json\/wp\/v2\/pages\/206\/revisions"}],"predecessor-version":[{"id":3722,"href":"https:\/\/fleshertonartgallery.mydev.ca\/index.php\/wp-json\/wp\/v2\/pages\/206\/revisions\/3722"}],"wp:attachment":[{"href":"https:\/\/fleshertonartgallery.mydev.ca\/index.php\/wp-json\/wp\/v2\/media?parent=206"}],"curies":[{"name":"wp","href":"https:\/\/api.w.org\/{rel}","templated":true}]}}